{"id":215,"date":"2020-02-14T12:19:38","date_gmt":"2020-02-14T12:19:38","guid":{"rendered":"https:\/\/demosites.io\/vacantion-rental-gb\/?page_id=215"},"modified":"2026-03-06T10:38:29","modified_gmt":"2026-03-06T10:38:29","slug":"alkimia-wines","status":"publish","type":"page","link":"https:\/\/alkimiawines.com\/ca\/","title":{"rendered":"Home"},"content":{"rendered":"\n<div id=\"wp-block-themeisle-blocks-advanced-columns-5f4bfe2b\" class=\"wp-block-themeisle-blocks-advanced-columns alignfull has-1-columns has-desktop-equal-layout has-tablet-equal-layout has-mobile-equal-layout has-vertical-top\"><div class=\"wp-block-themeisle-blocks-advanced-columns-overlay\"><\/div><div class=\"innerblocks-wrap\">\n<div id=\"wp-block-themeisle-blocks-advanced-column-ae342731\" class=\"wp-block-themeisle-blocks-advanced-column\"><\/div>\n<\/div><\/div>\n\n\n\n<div id=\"wp-block-themeisle-blocks-advanced-columns-ed5a9992\" class=\"wp-block-themeisle-blocks-advanced-columns alignfull has-1-columns has-desktop-equal-layout has-tablet-equal-layout has-mobile-collapsedRows-layout has-vertical-unset\"><div class=\"wp-block-themeisle-blocks-advanced-columns-overlay\"><\/div><div class=\"innerblocks-wrap\">\n<div id=\"wp-block-themeisle-blocks-advanced-column-9d4d2526\" class=\"wp-block-themeisle-blocks-advanced-column\">\n<p class=\"has-text-align-center has-text-color has-link-color wp-elements-b1332b8c34676668e154fe8705e8cea8\" style=\"color:#b09043\"><strong>UNA NUEVA GENERACI\u00d3N DE<\/strong><\/p>\n\n\n\n<h2 class=\"wp-block-heading has-text-align-center\">Productores de Vino<\/h2>\n\n\n\n<hr class=\"wp-block-separator has-text-color has-alpha-channel-opacity has-background is-style-wide\" style=\"background-color:#b09043;color:#b09043\"\/>\n\n\n\n<p class=\"has-text-align-left\">Alkimia Wines es un proyecto con una amplia experiencia en el sector del vino, el cual empez\u00f3 en el a\u00f1o 1982. Actualmente Alkimia tiene tres bodegas:<strong>\u00a0Priorat<\/strong>,\u00a0<strong>Montsant<\/strong>\u00a0y\u00a0<strong>vinos de autor.<\/strong><\/p>\n\n\n\n<p class=\"has-text-align-left\">En Alkimia nuestros vi\u00f1edos son completamente ecol\u00f3gicos y biodin\u00e1micos y nuestras bodegas son ecosostenibles, de forma que toda la energ\u00eda necesaria para su funcionamiento se obtiene a trav\u00e9s de energ\u00edas renovables, luz solar y viento, recuperando tambi\u00e9n el agua de lluvia a trav\u00e9s de dep\u00f3sitos especiales situados bajo tierra. Adem\u00e1s los repartos a clientes se realizan en una furgoneta el\u00e9ctrica 100%. Por tanto alkimia ayuda a reducir la guella de carbono de nuestro planeta<\/p>\n\n\n\n<p class=\"has-text-align-left\">Nuestras producciones de vino son muy limitadas y exclusivas, siendo de este modo para nosotros un gran orgullo poder ofrecerles vinos de una alt\u00edsima calidad, los cuales se miman durante todo el proceso productivo cuidando hasta el \u00faltimo de los detalles. Con todo esto, les animamos a degustar nuestros vinos y disfrutar de nuestro proyecto, que seguro les supondr\u00e1 una experiencia inolvidable.<\/p>\n<\/div>\n<\/div><\/div>\n\n\n\n<div id=\"wp-block-themeisle-blocks-advanced-columns-f625c646\" class=\"wp-block-themeisle-blocks-advanced-columns alignfull has-1-columns has-desktop-equal-layout has-tablet-equal-layout has-mobile-equal-layout has-vertical-center\"><div class=\"wp-block-themeisle-blocks-advanced-columns-overlay\"><\/div><div class=\"innerblocks-wrap\">\n<div id=\"wp-block-themeisle-blocks-advanced-column-776214b0\" class=\"wp-block-themeisle-blocks-advanced-column\"><\/div>\n<\/div><\/div>\n\n\n\n<section id=\"wp-block-themeisle-blocks-advanced-columns-7f5315ed\" class=\"wp-block-themeisle-blocks-advanced-columns alignfull has-2-columns has-desktop-equal-layout has-tablet-equal-layout has-mobile-collapsedRows-layout has-vertical-flex-start\"><div class=\"wp-block-themeisle-blocks-advanced-columns-overlay\"><\/div><div class=\"innerblocks-wrap\">\n<div id=\"wp-block-themeisle-blocks-advanced-column-09cb8a20\" class=\"wp-block-themeisle-blocks-advanced-column\">\n<div id=\"wp-block-themeisle-blocks-slider-4330b935\" class=\"wp-block-themeisle-blocks-slider glide\" data-per-view=\"1\" data-gap=\"0\" data-peek=\"0\" data-autoplay=\"true\" data-height=\"600px\" data-hide-arrows=\"true\" data-transition=\"ease-in-out\"><div class=\"glide__track\" data-glide-el=\"track\"><div class=\"glide__slides\"><div class=\"wp-block-themeisle-blocks-slider-item-wrapper glide__slide\" tabindex=\"0\"><figure><img data-opt-id=398146266  fetchpriority=\"high\" decoding=\"async\" class=\"wp-block-themeisle-blocks-slider-item\" src=\"https:\/\/mlugbefktwrs.i.optimole.com\/w:auto\/h:auto\/q:mauto\/ig:avif\/https:\/\/alkimiawines.com\/wp-content\/uploads\/2024\/05\/AlkimiaWines-Cata-01-2.jpg\" alt=\"Vino y copa\" title=\"Vino y copa\" data-id=\"561\"\/><\/figure><\/div><div class=\"wp-block-themeisle-blocks-slider-item-wrapper glide__slide\" tabindex=\"0\"><figure><img data-opt-id=1869438252  fetchpriority=\"high\" decoding=\"async\" class=\"wp-block-themeisle-blocks-slider-item\" src=\"https:\/\/mlugbefktwrs.i.optimole.com\/w:auto\/h:auto\/q:mauto\/ig:avif\/https:\/\/alkimiawines.com\/wp-content\/uploads\/2024\/05\/AlkimiaWines-Cata-02-2.jpg\" alt=\"raim\" title=\"raim\" data-id=\"562\"\/><\/figure><\/div><div class=\"wp-block-themeisle-blocks-slider-item-wrapper glide__slide\" tabindex=\"0\"><figure><img data-opt-id=1853310803  data-opt-src=\"https:\/\/mlugbefktwrs.i.optimole.com\/w:auto\/h:auto\/q:mauto\/ig:avif\/https:\/\/alkimiawines.com\/wp-content\/uploads\/2024\/05\/AlkimiaWines-Cata-04-2.jpg\"  decoding=\"async\" class=\"wp-block-themeisle-blocks-slider-item\" src=\"data:image/svg+xml,%3Csvg%20viewBox%3D%220%200%20100%%20100%%22%20width%3D%22100%%22%20height%3D%22100%%22%20xmlns%3D%22http%3A%2F%2Fwww.w3.org%2F2000%2Fsvg%22%3E%3Crect%20width%3D%22100%%22%20height%3D%22100%%22%20fill%3D%22transparent%22%2F%3E%3C%2Fsvg%3E\" alt=\"2 copas\" title=\"2 copas\" data-id=\"564\"\/><\/figure><\/div><div class=\"wp-block-themeisle-blocks-slider-item-wrapper glide__slide\" tabindex=\"0\"><figure><img data-opt-id=1306485451  data-opt-src=\"https:\/\/mlugbefktwrs.i.optimole.com\/w:auto\/h:auto\/q:mauto\/ig:avif\/https:\/\/alkimiawines.com\/wp-content\/uploads\/2024\/05\/AlkimiaWines-Cata-03-2.jpg\"  decoding=\"async\" class=\"wp-block-themeisle-blocks-slider-item\" src=\"data:image/svg+xml,%3Csvg%20viewBox%3D%220%200%20100%%20100%%22%20width%3D%22100%%22%20height%3D%22100%%22%20xmlns%3D%22http%3A%2F%2Fwww.w3.org%2F2000%2Fsvg%22%3E%3Crect%20width%3D%22100%%22%20height%3D%22100%%22%20fill%3D%22transparent%22%2F%3E%3C%2Fsvg%3E\" alt=\"fermentacion\" title=\"fermentacion\" data-id=\"563\"\/><\/figure><\/div><\/div><div class=\"glide__bullets\" data-glide-el=\"controls[nav]\"><button class=\"glide__bullet\" data-glide-dir=\"=0\"><\/button><button class=\"glide__bullet\" data-glide-dir=\"=1\"><\/button><button class=\"glide__bullet\" data-glide-dir=\"=2\"><\/button><button class=\"glide__bullet\" data-glide-dir=\"=3\"><\/button><\/div><\/div><\/div>\n<\/div>\n\n\n\n<div id=\"wp-block-themeisle-blocks-advanced-column-7a171031\" class=\"wp-block-themeisle-blocks-advanced-column\">\n<h2 class=\"wp-block-heading has-nv-site-bg-color has-text-color has-link-color wp-elements-eb731d60171d5255df2250d1d245f147\">Catas y Tours<\/h2>\n\n\n\n<p class=\"has-nv-site-bg-color has-text-color has-link-color wp-elements-2c49296d2dbca02d04d33aed73539a8f\">Alkimia Wines es tambi\u00e9n un centro divulgativo de la cultura del vino, donde nuestra intenci\u00f3n es fomentar un consumo inteligente organizando continuamente catas y maridajes con nuestros vinos.<\/p>\n\n\n\n<p class=\"has-nv-site-bg-color has-text-color has-link-color wp-elements-9257a8e0789b3d46a1b0c2f90ee76919\">Nos esforzamos por mantener la tradici\u00f3n y la artesan\u00eda, para que nuestros clientes expresen todo lo que sus sentidos notan al degustar nuestros vinos elaborados con pasi\u00f3n. Todas estas actividades est\u00e1n pensadas para que los amantes del buen vino encuentren un lugar agradable donde disfrutar de experiencias \u00fanicas e incomparables.<\/p>\n<\/div>\n<\/div><\/section>\n\n\n\n<div class=\"wp-block-group alignfull\"><div class=\"wp-block-group__inner-container is-layout-constrained wp-block-group-is-layout-constrained\">\n<div id=\"wp-block-themeisle-blocks-advanced-columns-2c683040\" class=\"wp-block-themeisle-blocks-advanced-columns alignfull has-1-columns has-desktop-equal-layout has-tablet-equal-layout has-mobile-collapsedRows-layout has-vertical-unset\"><div class=\"wp-block-themeisle-blocks-advanced-columns-overlay\"><\/div><div class=\"innerblocks-wrap\">\n<div id=\"wp-block-themeisle-blocks-advanced-column-ed99ee55\" class=\"wp-block-themeisle-blocks-advanced-column\">\n<div style=\"height:180px\" aria-hidden=\"true\" class=\"wp-block-spacer\"><\/div>\n\n\n\n<div class=\"wp-block-group\"><div class=\"wp-block-group__inner-container is-layout-constrained wp-block-group-is-layout-constrained\">\n<div class=\"wp-block-group is-vertical is-content-justification-center is-layout-flex wp-container-core-group-is-layout-4b2eccd6 wp-block-group-is-layout-flex\">\n<p class=\"has-text-align-center has-text-color has-link-color wp-elements-bb60992bc653fdf4b594487c138765c3\" style=\"color:#b09043;padding-right:0;padding-left:0;font-size:15px\"><strong>NUESTRO<\/strong><\/p>\n\n\n\n<h2 class=\"wp-block-heading has-text-color has-link-color wp-elements-ac1696524701b6a2bd6e82f399f9dd0a\" style=\"color:#000000\">Club Alkimia<\/h2>\n\n\n\n<div style=\"height:61px\" aria-hidden=\"true\" class=\"wp-block-spacer wp-container-content-94e6176e\"><\/div>\n<\/div>\n<\/div><\/div>\n\n\n\n<p class=\"has-text-align-center\" style=\"padding-top:0;padding-right:400px;padding-bottom:0;padding-left:400px\">En Alkimia Wines sabemos que tenemos clientes con paladares muy exigentes y selectos. Por eso hemos creado un club privado donde nuestros clientes tendr\u00e1n acceso a una informaci\u00f3n mucho m\u00e1s detallada y especializada de nuestros vinos.<\/p>\n\n\n\n<p class=\"has-text-align-center\" style=\"padding-top:0;padding-right:400px;padding-bottom:0;padding-left:400px\">En nuestro Club Alkimia podr\u00e1n disfrutar de exclusivas ventajas, como por ejemplo comprar directamente y la avanzada nuestras botellas de vino, adquirir una barrica artesanal para ver c\u00f3mo evoluciona el vino en su interior para posteriormente embotellado y llevarlo a casa.<\/p>\n\n\n\n<p class=\"has-text-align-left\"><\/p>\n<\/div>\n<\/div><\/div>\n<\/div><\/div>\n","protected":false},"excerpt":{"rendered":"","protected":false},"author":3,"featured_media":0,"parent":0,"menu_order":0,"comment_status":"closed","ping_status":"closed","template":"page-templates\/template-pagebuilder-full-width.php","meta":{"neve_meta_sidebar":"full-width","neve_meta_container":"contained","neve_meta_enable_content_width":"on","neve_meta_content_width":100,"neve_meta_title_alignment":"","neve_meta_author_avatar":"","neve_post_elements_order":"","neve_meta_disable_header":"","neve_meta_disable_footer":"","neve_meta_disable_title":"on","_themeisle_gutenberg_block_has_review":false,"footnotes":""},"class_list":["post-215","page","type-page","status-publish","hentry"],"yoast_head":"<!-- This site is optimized with the Yoast SEO plugin v27.1.1 - https:\/\/yoast.com\/product\/yoast-seo-wordpress\/ -->\n<title>Alkimia Wines Alkimia Wines<\/title>\n<meta name=\"description\" content=\"Alkimia Wines es un proyecto con una amplia experiencia en el sector del vino, el cual empez\u00f3 en el a\u00f1o 1982. Actualmente tiene tres bodegas.\" \/>\n<meta name=\"robots\" content=\"index, follow, max-snippet:-1, max-image-preview:large, max-video-preview:-1\" \/>\n<link rel=\"canonical\" href=\"https:\/\/alkimiawines.com\/ca\/\" \/>\n<meta property=\"og:locale\" content=\"ca_ES\" \/>\n<meta property=\"og:type\" content=\"article\" \/>\n<meta property=\"og:title\" content=\"Alkimia Wines Alkimia Wines\" \/>\n<meta property=\"og:description\" content=\"Alkimia Wines es un proyecto con una amplia experiencia en el sector del vino, el cual empez\u00f3 en el a\u00f1o 1982. Actualmente tiene tres bodegas.\" \/>\n<meta property=\"og:url\" content=\"https:\/\/alkimiawines.com\/ca\/\" \/>\n<meta property=\"og:site_name\" content=\"Alkimia Wines\" \/>\n<meta property=\"article:modified_time\" content=\"2026-03-06T10:38:29+00:00\" \/>\n<meta property=\"og:image\" content=\"https:\/\/mlugbefktwrs.i.optimole.com\/w:auto\/h:auto\/q:mauto\/ig:avif\/https:\/\/alkimiawines.com\/wp-content\/uploads\/2024\/05\/AlkimiaWines-Cata-01-2.jpg\" \/>\n<meta name=\"twitter:card\" content=\"summary_large_image\" \/>\n<meta name=\"twitter:label1\" content=\"Temps estimat de lectura\" \/>\n\t<meta name=\"twitter:data1\" content=\"3 minuts\" \/>\n<script type=\"application\/ld+json\" class=\"yoast-schema-graph\">{\"@context\":\"https:\/\/schema.org\",\"@graph\":[{\"@type\":\"WebPage\",\"@id\":\"https:\/\/alkimiawines.com\/\",\"url\":\"https:\/\/alkimiawines.com\/\",\"name\":\"Alkimia Wines Alkimia Wines\",\"isPartOf\":{\"@id\":\"https:\/\/alkimiawines.com\/#website\"},\"primaryImageOfPage\":{\"@id\":\"https:\/\/alkimiawines.com\/#primaryimage\"},\"image\":{\"@id\":\"https:\/\/alkimiawines.com\/#primaryimage\"},\"thumbnailUrl\":\"https:\/\/mlugbefktwrs.i.optimole.com\/w:auto\/h:auto\/q:mauto\/ig:avif\/https:\/\/alkimiawines.com\/wp-content\/uploads\/2024\/05\/AlkimiaWines-Cata-01-2.jpg\",\"datePublished\":\"2020-02-14T12:19:38+00:00\",\"dateModified\":\"2026-03-06T10:38:29+00:00\",\"description\":\"Alkimia Wines es un proyecto con una amplia experiencia en el sector del vino, el cual empez\u00f3 en el a\u00f1o 1982. Actualmente tiene tres bodegas.\",\"breadcrumb\":{\"@id\":\"https:\/\/alkimiawines.com\/#breadcrumb\"},\"inLanguage\":\"ca\",\"potentialAction\":[{\"@type\":\"ReadAction\",\"target\":[\"https:\/\/alkimiawines.com\/\"]}]},{\"@type\":\"ImageObject\",\"inLanguage\":\"ca\",\"@id\":\"https:\/\/alkimiawines.com\/#primaryimage\",\"url\":\"https:\/\/mlugbefktwrs.i.optimole.com\/w:auto\/h:auto\/q:mauto\/ig:avif\/https:\/\/alkimiawines.com\/wp-content\/uploads\/2024\/05\/AlkimiaWines-Cata-01-2.jpg\",\"contentUrl\":\"https:\/\/mlugbefktwrs.i.optimole.com\/w:auto\/h:auto\/q:mauto\/ig:avif\/https:\/\/alkimiawines.com\/wp-content\/uploads\/2024\/05\/AlkimiaWines-Cata-01-2.jpg\"},{\"@type\":\"BreadcrumbList\",\"@id\":\"https:\/\/alkimiawines.com\/#breadcrumb\",\"itemListElement\":[{\"@type\":\"ListItem\",\"position\":1,\"name\":\"Portada\",\"item\":\"https:\/\/alkimiawines.com\/\"},{\"@type\":\"ListItem\",\"position\":2,\"name\":\"Home\"}]},{\"@type\":\"WebSite\",\"@id\":\"https:\/\/alkimiawines.com\/#website\",\"url\":\"https:\/\/alkimiawines.com\/\",\"name\":\"Alkimia Wines\",\"description\":\"La esencia vin\u00edcola del Priorat\",\"publisher\":{\"@id\":\"https:\/\/alkimiawines.com\/#organization\"},\"potentialAction\":[{\"@type\":\"SearchAction\",\"target\":{\"@type\":\"EntryPoint\",\"urlTemplate\":\"https:\/\/alkimiawines.com\/?s={search_term_string}\"},\"query-input\":{\"@type\":\"PropertyValueSpecification\",\"valueRequired\":true,\"valueName\":\"search_term_string\"}}],\"inLanguage\":\"ca\"},{\"@type\":\"Organization\",\"@id\":\"https:\/\/alkimiawines.com\/#organization\",\"name\":\"Alkimia Wines\",\"url\":\"https:\/\/alkimiawines.com\/\",\"logo\":{\"@type\":\"ImageObject\",\"inLanguage\":\"ca\",\"@id\":\"https:\/\/alkimiawines.com\/#\/schema\/logo\/image\/\",\"url\":\"https:\/\/mlugbefktwrs.i.optimole.com\/w:auto\/h:auto\/q:mauto\/ig:avif\/https:\/\/alkimiawines.com\/wp-content\/uploads\/2020\/12\/neve-vacation-logo-1.png\",\"contentUrl\":\"https:\/\/mlugbefktwrs.i.optimole.com\/w:auto\/h:auto\/q:mauto\/ig:avif\/https:\/\/alkimiawines.com\/wp-content\/uploads\/2020\/12\/neve-vacation-logo-1.png\",\"width\":200,\"height\":235,\"caption\":\"Alkimia Wines\"},\"image\":{\"@id\":\"https:\/\/alkimiawines.com\/#\/schema\/logo\/image\/\"}}]}<\/script>\n<!-- \/ Yoast SEO plugin. -->","yoast_head_json":{"title":"Alkimia Wines Alkimia Wines","description":"Alkimia Wines es un proyecto con una amplia experiencia en el sector del vino, el cual empez\u00f3 en el a\u00f1o 1982. Actualmente tiene tres bodegas.","robots":{"index":"index","follow":"follow","max-snippet":"max-snippet:-1","max-image-preview":"max-image-preview:large","max-video-preview":"max-video-preview:-1"},"canonical":"https:\/\/alkimiawines.com\/ca\/","og_locale":"ca_ES","og_type":"article","og_title":"Alkimia Wines Alkimia Wines","og_description":"Alkimia Wines es un proyecto con una amplia experiencia en el sector del vino, el cual empez\u00f3 en el a\u00f1o 1982. Actualmente tiene tres bodegas.","og_url":"https:\/\/alkimiawines.com\/ca\/","og_site_name":"Alkimia Wines","article_modified_time":"2026-03-06T10:38:29+00:00","og_image":[{"url":"https:\/\/mlugbefktwrs.i.optimole.com\/w:auto\/h:auto\/q:mauto\/ig:avif\/https:\/\/alkimiawines.com\/wp-content\/uploads\/2024\/05\/AlkimiaWines-Cata-01-2.jpg","type":"","width":"","height":""}],"twitter_card":"summary_large_image","twitter_misc":{"Temps estimat de lectura":"3 minuts"},"schema":{"@context":"https:\/\/schema.org","@graph":[{"@type":"WebPage","@id":"https:\/\/alkimiawines.com\/","url":"https:\/\/alkimiawines.com\/","name":"Alkimia Wines Alkimia Wines","isPartOf":{"@id":"https:\/\/alkimiawines.com\/#website"},"primaryImageOfPage":{"@id":"https:\/\/alkimiawines.com\/#primaryimage"},"image":{"@id":"https:\/\/alkimiawines.com\/#primaryimage"},"thumbnailUrl":"https:\/\/mlugbefktwrs.i.optimole.com\/w:auto\/h:auto\/q:mauto\/ig:avif\/https:\/\/alkimiawines.com\/wp-content\/uploads\/2024\/05\/AlkimiaWines-Cata-01-2.jpg","datePublished":"2020-02-14T12:19:38+00:00","dateModified":"2026-03-06T10:38:29+00:00","description":"Alkimia Wines es un proyecto con una amplia experiencia en el sector del vino, el cual empez\u00f3 en el a\u00f1o 1982. Actualmente tiene tres bodegas.","breadcrumb":{"@id":"https:\/\/alkimiawines.com\/#breadcrumb"},"inLanguage":"ca","potentialAction":[{"@type":"ReadAction","target":["https:\/\/alkimiawines.com\/"]}]},{"@type":"ImageObject","inLanguage":"ca","@id":"https:\/\/alkimiawines.com\/#primaryimage","url":"https:\/\/mlugbefktwrs.i.optimole.com\/w:auto\/h:auto\/q:mauto\/ig:avif\/https:\/\/alkimiawines.com\/wp-content\/uploads\/2024\/05\/AlkimiaWines-Cata-01-2.jpg","contentUrl":"https:\/\/mlugbefktwrs.i.optimole.com\/w:auto\/h:auto\/q:mauto\/ig:avif\/https:\/\/alkimiawines.com\/wp-content\/uploads\/2024\/05\/AlkimiaWines-Cata-01-2.jpg"},{"@type":"BreadcrumbList","@id":"https:\/\/alkimiawines.com\/#breadcrumb","itemListElement":[{"@type":"ListItem","position":1,"name":"Portada","item":"https:\/\/alkimiawines.com\/"},{"@type":"ListItem","position":2,"name":"Home"}]},{"@type":"WebSite","@id":"https:\/\/alkimiawines.com\/#website","url":"https:\/\/alkimiawines.com\/","name":"Alkimia Wines","description":"La esencia vin\u00edcola del Priorat","publisher":{"@id":"https:\/\/alkimiawines.com\/#organization"},"potentialAction":[{"@type":"SearchAction","target":{"@type":"EntryPoint","urlTemplate":"https:\/\/alkimiawines.com\/?s={search_term_string}"},"query-input":{"@type":"PropertyValueSpecification","valueRequired":true,"valueName":"search_term_string"}}],"inLanguage":"ca"},{"@type":"Organization","@id":"https:\/\/alkimiawines.com\/#organization","name":"Alkimia Wines","url":"https:\/\/alkimiawines.com\/","logo":{"@type":"ImageObject","inLanguage":"ca","@id":"https:\/\/alkimiawines.com\/#\/schema\/logo\/image\/","url":"https:\/\/mlugbefktwrs.i.optimole.com\/w:auto\/h:auto\/q:mauto\/ig:avif\/https:\/\/alkimiawines.com\/wp-content\/uploads\/2020\/12\/neve-vacation-logo-1.png","contentUrl":"https:\/\/mlugbefktwrs.i.optimole.com\/w:auto\/h:auto\/q:mauto\/ig:avif\/https:\/\/alkimiawines.com\/wp-content\/uploads\/2020\/12\/neve-vacation-logo-1.png","width":200,"height":235,"caption":"Alkimia Wines"},"image":{"@id":"https:\/\/alkimiawines.com\/#\/schema\/logo\/image\/"}}]}},"_links":{"self":[{"href":"https:\/\/alkimiawines.com\/ca\/wp-json\/wp\/v2\/pages\/215","targetHints":{"allow":["GET"]}}],"collection":[{"href":"https:\/\/alkimiawines.com\/ca\/wp-json\/wp\/v2\/pages"}],"about":[{"href":"https:\/\/alkimiawines.com\/ca\/wp-json\/wp\/v2\/types\/page"}],"author":[{"embeddable":true,"href":"https:\/\/alkimiawines.com\/ca\/wp-json\/wp\/v2\/users\/3"}],"replies":[{"embeddable":true,"href":"https:\/\/alkimiawines.com\/ca\/wp-json\/wp\/v2\/comments?post=215"}],"version-history":[{"count":75,"href":"https:\/\/alkimiawines.com\/ca\/wp-json\/wp\/v2\/pages\/215\/revisions"}],"predecessor-version":[{"id":1294,"href":"https:\/\/alkimiawines.com\/ca\/wp-json\/wp\/v2\/pages\/215\/revisions\/1294"}],"wp:attachment":[{"href":"https:\/\/alkimiawines.com\/ca\/wp-json\/wp\/v2\/media?parent=215"}],"curies":[{"name":"wp","href":"https:\/\/api.w.org\/{rel}","templated":true}]}}